{"id":109,"date":"2024-01-08T18:01:15","date_gmt":"2024-01-08T18:01:15","guid":{"rendered":"https:\/\/martins-originale.de\/?page_id=109"},"modified":"2024-03-31T12:34:29","modified_gmt":"2024-03-31T12:34:29","slug":"drache-1","status":"publish","type":"page","link":"https:\/\/martins-originale.de\/?page_id=109","title":{"rendered":"Drache 1"},"content":{"rendered":"\n<p>Hier ist der erste Drache den ich gebaut habe. Dieser schm\u00fcckt unsere Fassade. Noch sehr einfach gehalten, ohne gr\u00f6\u00dfere Details.<\/p>\n\n\n\n<p>Dennoch mein erster. Der wird f\u00fcr immer bei uns bleiben.<\/p>\n\n\n\n<figure class=\"wp-block-image size-large\"><img loading=\"lazy\" decoding=\"async\" width=\"768\" height=\"1024\" src=\"https:\/\/martins-originale.de\/wp-content\/uploads\/2024\/03\/IMG_7890-768x1024.jpg\" alt=\"\" class=\"wp-image-164\" srcset=\"https:\/\/martins-originale.de\/wp-content\/uploads\/2024\/03\/IMG_7890-768x1024.jpg 768w, https:\/\/martins-originale.de\/wp-content\/uploads\/2024\/03\/IMG_7890-225x300.jpg 225w, https:\/\/martins-originale.de\/wp-content\/uploads\/2024\/03\/IMG_7890-1152x1536.jpg 1152w, https:\/\/martins-originale.de\/wp-content\/uploads\/2024\/03\/IMG_7890-1536x2048.jpg 1536w, https:\/\/martins-originale.de\/wp-content\/uploads\/2024\/03\/IMG_7890-scaled.jpg 1920w\" sizes=\"auto, (max-width: 768px) 100vw, 768px\" \/><\/figure>\n\n\n\n<figure class=\"wp-block-image size-large\"><img loading=\"lazy\" decoding=\"async\" width=\"768\" height=\"1024\" src=\"https:\/\/martins-originale.de\/wp-content\/uploads\/2024\/03\/IMG_7893-768x1024.jpeg\" alt=\"\" class=\"wp-image-166\" srcset=\"https:\/\/martins-originale.de\/wp-content\/uploads\/2024\/03\/IMG_7893-768x1024.jpeg 768w, https:\/\/martins-originale.de\/wp-content\/uploads\/2024\/03\/IMG_7893-225x300.jpeg 225w, https:\/\/martins-originale.de\/wp-content\/uploads\/2024\/03\/IMG_7893-1152x1536.jpeg 1152w, https:\/\/martins-originale.de\/wp-content\/uploads\/2024\/03\/IMG_7893-1536x2048.jpeg 1536w, https:\/\/martins-originale.de\/wp-content\/uploads\/2024\/03\/IMG_7893-scaled.jpeg 1920w\" sizes=\"auto, (max-width: 768px) 100vw, 768px\" \/><figcaption class=\"wp-element-caption\">Einfache Schuppen, Beine in 2D und keine Details am Kopf. <\/figcaption><\/figure>\n\n\n\n<figure class=\"wp-block-image size-large\"><img loading=\"lazy\" decoding=\"async\" width=\"768\" height=\"1024\" src=\"https:\/\/martins-originale.de\/wp-content\/uploads\/2024\/03\/IMG_7891-768x1024.jpeg\" alt=\"\" class=\"wp-image-167\" srcset=\"https:\/\/martins-originale.de\/wp-content\/uploads\/2024\/03\/IMG_7891-768x1024.jpeg 768w, https:\/\/martins-originale.de\/wp-content\/uploads\/2024\/03\/IMG_7891-225x300.jpeg 225w, https:\/\/martins-originale.de\/wp-content\/uploads\/2024\/03\/IMG_7891-1152x1536.jpeg 1152w, https:\/\/martins-originale.de\/wp-content\/uploads\/2024\/03\/IMG_7891-1536x2048.jpeg 1536w, https:\/\/martins-originale.de\/wp-content\/uploads\/2024\/03\/IMG_7891-scaled.jpeg 1920w\" sizes=\"auto, (max-width: 768px) 100vw, 768px\" \/><\/figure>\n<div class=\"pvc_clear\"><\/div><p id=\"pvc_stats_109\" class=\"pvc_stats all  \" data-element-id=\"109\" style=\"\"><i class=\"pvc-stats-icon medium\" aria-hidden=\"true\"><svg aria-hidden=\"true\" focusable=\"false\" data-prefix=\"far\" data-icon=\"chart-bar\" role=\"img\" xmlns=\"http:\/\/www.w3.org\/2000\/svg\" viewBox=\"0 0 512 512\" class=\"svg-inline--fa fa-chart-bar fa-w-16 fa-2x\"><path fill=\"currentColor\" d=\"M396.8 352h22.4c6.4 0 12.8-6.4 12.8-12.8V108.8c0-6.4-6.4-12.8-12.8-12.8h-22.4c-6.4 0-12.8 6.4-12.8 12.8v230.4c0 6.4 6.4 12.8 12.8 12.8zm-192 0h22.4c6.4 0 12.8-6.4 12.8-12.8V140.8c0-6.4-6.4-12.8-12.8-12.8h-22.4c-6.4 0-12.8 6.4-12.8 12.8v198.4c0 6.4 6.4 12.8 12.8 12.8zm96 0h22.4c6.4 0 12.8-6.4 12.8-12.8V204.8c0-6.4-6.4-12.8-12.8-12.8h-22.4c-6.4 0-12.8 6.4-12.8 12.8v134.4c0 6.4 6.4 12.8 12.8 12.8zM496 400H48V80c0-8.84-7.16-16-16-16H16C7.16 64 0 71.16 0 80v336c0 17.67 14.33 32 32 32h464c8.84 0 16-7.16 16-16v-16c0-8.84-7.16-16-16-16zm-387.2-48h22.4c6.4 0 12.8-6.4 12.8-12.8v-70.4c0-6.4-6.4-12.8-12.8-12.8h-22.4c-6.4 0-12.8 6.4-12.8 12.8v70.4c0 6.4 6.4 12.8 12.8 12.8z\" class=\"\"><\/path><\/svg><\/i> <img loading=\"lazy\" decoding=\"async\" width=\"16\" height=\"16\" alt=\"Loading\" src=\"https:\/\/martins-originale.de\/wp-content\/plugins\/page-views-count\/ajax-loader-2x.gif\" border=0 \/><\/p><div class=\"pvc_clear\"><\/div>","protected":false},"excerpt":{"rendered":"<p>Hier ist der erste Drache den ich gebaut habe. Dieser schm\u00fcckt unsere Fassade. Noch sehr einfach gehalten, ohne gr\u00f6\u00dfere Details. Dennoch mein erster. Der wird &hellip;<\/p>\n<div class=\"pvc_clear\"><\/div>\n<p id=\"pvc_stats_109\" class=\"pvc_stats all  \" data-element-id=\"109\" style=\"\"><i class=\"pvc-stats-icon medium\" aria-hidden=\"true\"><svg aria-hidden=\"true\" focusable=\"false\" data-prefix=\"far\" data-icon=\"chart-bar\" role=\"img\" xmlns=\"http:\/\/www.w3.org\/2000\/svg\" viewBox=\"0 0 512 512\" class=\"svg-inline--fa fa-chart-bar fa-w-16 fa-2x\"><path fill=\"currentColor\" d=\"M396.8 352h22.4c6.4 0 12.8-6.4 12.8-12.8V108.8c0-6.4-6.4-12.8-12.8-12.8h-22.4c-6.4 0-12.8 6.4-12.8 12.8v230.4c0 6.4 6.4 12.8 12.8 12.8zm-192 0h22.4c6.4 0 12.8-6.4 12.8-12.8V140.8c0-6.4-6.4-12.8-12.8-12.8h-22.4c-6.4 0-12.8 6.4-12.8 12.8v198.4c0 6.4 6.4 12.8 12.8 12.8zm96 0h22.4c6.4 0 12.8-6.4 12.8-12.8V204.8c0-6.4-6.4-12.8-12.8-12.8h-22.4c-6.4 0-12.8 6.4-12.8 12.8v134.4c0 6.4 6.4 12.8 12.8 12.8zM496 400H48V80c0-8.84-7.16-16-16-16H16C7.16 64 0 71.16 0 80v336c0 17.67 14.33 32 32 32h464c8.84 0 16-7.16 16-16v-16c0-8.84-7.16-16-16-16zm-387.2-48h22.4c6.4 0 12.8-6.4 12.8-12.8v-70.4c0-6.4-6.4-12.8-12.8-12.8h-22.4c-6.4 0-12.8 6.4-12.8 12.8v70.4c0 6.4 6.4 12.8 12.8 12.8z\" class=\"\"><\/path><\/svg><\/i> <img loading=\"lazy\" decoding=\"async\" width=\"16\" height=\"16\" alt=\"Loading\" src=\"https:\/\/martins-originale.de\/wp-content\/plugins\/page-views-count\/ajax-loader-2x.gif\" border=0 \/><\/p>\n<div class=\"pvc_clear\"><\/div>\n","protected":false},"author":1,"featured_media":165,"parent":0,"menu_order":0,"comment_status":"closed","ping_status":"closed","template":"","meta":{"footnotes":""},"class_list":["post-109","page","type-page","status-publish","has-post-thumbnail","hentry"],"_links":{"self":[{"href":"https:\/\/martins-originale.de\/index.php?rest_route=\/wp\/v2\/pages\/109","targetHints":{"allow":["GET"]}}],"collection":[{"href":"https:\/\/martins-originale.de\/index.php?rest_route=\/wp\/v2\/pages"}],"about":[{"href":"https:\/\/martins-originale.de\/index.php?rest_route=\/wp\/v2\/types\/page"}],"author":[{"embeddable":true,"href":"https:\/\/martins-originale.de\/index.php?rest_route=\/wp\/v2\/users\/1"}],"replies":[{"embeddable":true,"href":"https:\/\/martins-originale.de\/index.php?rest_route=%2Fwp%2Fv2%2Fcomments&post=109"}],"version-history":[{"count":2,"href":"https:\/\/martins-originale.de\/index.php?rest_route=\/wp\/v2\/pages\/109\/revisions"}],"predecessor-version":[{"id":187,"href":"https:\/\/martins-originale.de\/index.php?rest_route=\/wp\/v2\/pages\/109\/revisions\/187"}],"wp:featuredmedia":[{"embeddable":true,"href":"https:\/\/martins-originale.de\/index.php?rest_route=\/wp\/v2\/media\/165"}],"wp:attachment":[{"href":"https:\/\/martins-originale.de\/index.php?rest_route=%2Fwp%2Fv2%2Fmedia&parent=109"}],"curies":[{"name":"wp","href":"https:\/\/api.w.org\/{rel}","templated":true}]}}