{"id":158,"date":"2024-04-03T06:11:24","date_gmt":"2024-04-03T06:11:24","guid":{"rendered":"https:\/\/martins-originale.de\/?page_id=158"},"modified":"2024-04-03T06:11:25","modified_gmt":"2024-04-03T06:11:25","slug":"wie-alles-begann","status":"publish","type":"page","link":"https:\/\/martins-originale.de\/?page_id=158","title":{"rendered":"Wie alles begann&#8230;"},"content":{"rendered":"\n<p>Alles begann an einem Sonntagmorgen mit einer Tasse Kaffee auf unserer Terrasse. Nach unserer Haussanierung mit vergr\u00f6\u00dfertem Anbau, st\u00f6rte mich doch die recht gro\u00dfe und freie Stehfalzfassade aus Titanzink. Hatte nicht bedacht, dass die zwei Fenster doch recht klein wirken. Was tun? Mit Blick auf das Regenrohr kam dann ein Geistesblitz. Warum nicht einen Drachen in das Rohr integrieren? Ich habe sowieso ein fable f\u00fcr Drachen. So kam eins zum anderen. An einem freien Tag hab ich einfach mal angefangen und ein paar Rohrb\u00f6gen zusammengesteckt. Eins vorweg,- die Fassade ist nach wie vor sehr pr\u00e4sent. Aber das wird sich noch mit der Zeit etwas \u00e4ndern. Mit einer gr\u00f6\u00dferen Pause von ein paar Wochen dazwischen. wuchs der Drache immer weiter. Gut, die Schuppen waren noch lange nicht so wie bei den aktuellen Drachen, aber ist ja auch der erste. Eines Abends war er dann nach gut und gerne 40-45 Stunden fertiggestellt. Und wie ich so bin, musste er im dunkeln noch montiert werden. Am n\u00e4chsten Tag wurden direkt Bilder gemacht. Hat mir pers\u00f6nlich sehr gut gefallen. Richtiger Blickfang. War der Meinung das man mein Werk auch mal in ein oder zwei Facebook- Gruppen posten k\u00f6nnte. Was das f\u00fcr Wellen schlug, konnte ich mir ja nichtmal ansatzweise vorstellen. Ich wurde mit Lob \u00fcbersch\u00fcttet. Bei tausenden von Kommentaren und Reaktion war keine einzige negative dabei. Auch die ersten Anfragen kamen fast zeitgleich an. Ich war viele Stunden damit besch\u00e4ftigt jedem einzelnen zu antworten. Meine erste Auftragsarbeit ging in die sch\u00f6ne Schweiz. Ich war schon sehr stolz das es so viele Menschen gibt die meine Arbeit zu sch\u00e4tzen wissen. Recht schnell habe ich dann ein Kleinunternehmen- Martins-Originale- gegr\u00fcndet, um alles legal und seri\u00f6s abwickeln zu k\u00f6nnen. Als Zwischenprojekte fertige ich immer wieder auch andere Skulpturen an. Nach ein paar hundert Schuppen aufl\u00f6ten bin ich f\u00fcr etwas Ablenkung durchaus dankbar. Jeder Drache ist ein Unikat. Ich habe mir dann auch beim Paten und Markenamt mein Drachendesign sch\u00fctzen lassen.   Auf dem Bild ist der erste Drache zu sehen. Man sieht wie einfach er noch im Vergleich zu den neueren war. <\/p>\n\n\n\n<figure class=\"wp-block-image size-large\"><img loading=\"lazy\" decoding=\"async\" width=\"768\" height=\"1024\" src=\"https:\/\/martins-originale.de\/wp-content\/uploads\/2024\/03\/IMG_7893-768x1024.jpeg\" alt=\"\" class=\"wp-image-166\" srcset=\"https:\/\/martins-originale.de\/wp-content\/uploads\/2024\/03\/IMG_7893-768x1024.jpeg 768w, https:\/\/martins-originale.de\/wp-content\/uploads\/2024\/03\/IMG_7893-225x300.jpeg 225w, https:\/\/martins-originale.de\/wp-content\/uploads\/2024\/03\/IMG_7893-1152x1536.jpeg 1152w, https:\/\/martins-originale.de\/wp-content\/uploads\/2024\/03\/IMG_7893-1536x2048.jpeg 1536w, https:\/\/martins-originale.de\/wp-content\/uploads\/2024\/03\/IMG_7893-scaled.jpeg 1920w\" sizes=\"auto, (max-width: 768px) 100vw, 768px\" \/><figcaption class=\"wp-element-caption\">Einfache Schuppen, Beine in 2D und keine Details am Kopf. So sah der erste Drache aus. Kein Vergleich mehr zu den aktuellen Drachenprojekten.<\/figcaption><\/figure>\n<div class=\"pvc_clear\"><\/div><p id=\"pvc_stats_158\" class=\"pvc_stats all  \" data-element-id=\"158\" style=\"\"><i class=\"pvc-stats-icon medium\" aria-hidden=\"true\"><svg aria-hidden=\"true\" focusable=\"false\" data-prefix=\"far\" data-icon=\"chart-bar\" role=\"img\" xmlns=\"http:\/\/www.w3.org\/2000\/svg\" viewBox=\"0 0 512 512\" class=\"svg-inline--fa fa-chart-bar fa-w-16 fa-2x\"><path fill=\"currentColor\" d=\"M396.8 352h22.4c6.4 0 12.8-6.4 12.8-12.8V108.8c0-6.4-6.4-12.8-12.8-12.8h-22.4c-6.4 0-12.8 6.4-12.8 12.8v230.4c0 6.4 6.4 12.8 12.8 12.8zm-192 0h22.4c6.4 0 12.8-6.4 12.8-12.8V140.8c0-6.4-6.4-12.8-12.8-12.8h-22.4c-6.4 0-12.8 6.4-12.8 12.8v198.4c0 6.4 6.4 12.8 12.8 12.8zm96 0h22.4c6.4 0 12.8-6.4 12.8-12.8V204.8c0-6.4-6.4-12.8-12.8-12.8h-22.4c-6.4 0-12.8 6.4-12.8 12.8v134.4c0 6.4 6.4 12.8 12.8 12.8zM496 400H48V80c0-8.84-7.16-16-16-16H16C7.16 64 0 71.16 0 80v336c0 17.67 14.33 32 32 32h464c8.84 0 16-7.16 16-16v-16c0-8.84-7.16-16-16-16zm-387.2-48h22.4c6.4 0 12.8-6.4 12.8-12.8v-70.4c0-6.4-6.4-12.8-12.8-12.8h-22.4c-6.4 0-12.8 6.4-12.8 12.8v70.4c0 6.4 6.4 12.8 12.8 12.8z\" class=\"\"><\/path><\/svg><\/i> <img loading=\"lazy\" decoding=\"async\" width=\"16\" height=\"16\" alt=\"Loading\" src=\"https:\/\/martins-originale.de\/wp-content\/plugins\/page-views-count\/ajax-loader-2x.gif\" border=0 \/><\/p><div class=\"pvc_clear\"><\/div>","protected":false},"excerpt":{"rendered":"<p>Alles begann an einem Sonntagmorgen mit einer Tasse Kaffee auf unserer Terrasse. Nach unserer Haussanierung mit vergr\u00f6\u00dfertem Anbau, st\u00f6rte mich doch die recht gro\u00dfe und &hellip;<\/p>\n<div class=\"pvc_clear\"><\/div>\n<p id=\"pvc_stats_158\" class=\"pvc_stats all  \" data-element-id=\"158\" style=\"\"><i class=\"pvc-stats-icon medium\" aria-hidden=\"true\"><svg aria-hidden=\"true\" focusable=\"false\" data-prefix=\"far\" data-icon=\"chart-bar\" role=\"img\" xmlns=\"http:\/\/www.w3.org\/2000\/svg\" viewBox=\"0 0 512 512\" class=\"svg-inline--fa fa-chart-bar fa-w-16 fa-2x\"><path fill=\"currentColor\" d=\"M396.8 352h22.4c6.4 0 12.8-6.4 12.8-12.8V108.8c0-6.4-6.4-12.8-12.8-12.8h-22.4c-6.4 0-12.8 6.4-12.8 12.8v230.4c0 6.4 6.4 12.8 12.8 12.8zm-192 0h22.4c6.4 0 12.8-6.4 12.8-12.8V140.8c0-6.4-6.4-12.8-12.8-12.8h-22.4c-6.4 0-12.8 6.4-12.8 12.8v198.4c0 6.4 6.4 12.8 12.8 12.8zm96 0h22.4c6.4 0 12.8-6.4 12.8-12.8V204.8c0-6.4-6.4-12.8-12.8-12.8h-22.4c-6.4 0-12.8 6.4-12.8 12.8v134.4c0 6.4 6.4 12.8 12.8 12.8zM496 400H48V80c0-8.84-7.16-16-16-16H16C7.16 64 0 71.16 0 80v336c0 17.67 14.33 32 32 32h464c8.84 0 16-7.16 16-16v-16c0-8.84-7.16-16-16-16zm-387.2-48h22.4c6.4 0 12.8-6.4 12.8-12.8v-70.4c0-6.4-6.4-12.8-12.8-12.8h-22.4c-6.4 0-12.8 6.4-12.8 12.8v70.4c0 6.4 6.4 12.8 12.8 12.8z\" class=\"\"><\/path><\/svg><\/i> <img loading=\"lazy\" decoding=\"async\" width=\"16\" height=\"16\" alt=\"Loading\" src=\"https:\/\/martins-originale.de\/wp-content\/plugins\/page-views-count\/ajax-loader-2x.gif\" border=0 \/><\/p>\n<div class=\"pvc_clear\"><\/div>\n","protected":false},"author":2,"featured_media":169,"parent":0,"menu_order":0,"comment_status":"closed","ping_status":"closed","template":"","meta":{"footnotes":""},"class_list":["post-158","page","type-page","status-publish","has-post-thumbnail","hentry"],"_links":{"self":[{"href":"https:\/\/martins-originale.de\/index.php?rest_route=\/wp\/v2\/pages\/158","targetHints":{"allow":["GET"]}}],"collection":[{"href":"https:\/\/martins-originale.de\/index.php?rest_route=\/wp\/v2\/pages"}],"about":[{"href":"https:\/\/martins-originale.de\/index.php?rest_route=\/wp\/v2\/types\/page"}],"author":[{"embeddable":true,"href":"https:\/\/martins-originale.de\/index.php?rest_route=\/wp\/v2\/users\/2"}],"replies":[{"embeddable":true,"href":"https:\/\/martins-originale.de\/index.php?rest_route=%2Fwp%2Fv2%2Fcomments&post=158"}],"version-history":[{"count":4,"href":"https:\/\/martins-originale.de\/index.php?rest_route=\/wp\/v2\/pages\/158\/revisions"}],"predecessor-version":[{"id":199,"href":"https:\/\/martins-originale.de\/index.php?rest_route=\/wp\/v2\/pages\/158\/revisions\/199"}],"wp:featuredmedia":[{"embeddable":true,"href":"https:\/\/martins-originale.de\/index.php?rest_route=\/wp\/v2\/media\/169"}],"wp:attachment":[{"href":"https:\/\/martins-originale.de\/index.php?rest_route=%2Fwp%2Fv2%2Fmedia&parent=158"}],"curies":[{"name":"wp","href":"https:\/\/api.w.org\/{rel}","templated":true}]}}